{"id":135,"date":"2015-10-22T15:31:25","date_gmt":"2015-10-22T15:31:25","guid":{"rendered":"http:\/\/test.kriesi.at\/construction\/?page_id=135"},"modified":"2025-10-21T08:38:04","modified_gmt":"2025-10-21T08:38:04","slug":"construction","status":"publish","type":"page","link":"https:\/\/v1.icerunners.team\/index.php\/service\/construction\/","title":{"rendered":"Sitara"},"content":{"rendered":"<div  class='avia-slideshow av-43rg3r-bf2ce0d8ae1b8a30031f9b8ca4be27df avia-slideshow-featured_large av_slideshow avia-fade-slider  avia-builder-el-0  el_before_av_one_full  avia-builder-el-first  av-slideshow-ui av-control-hidden av-no-slider-navigation av-hide-nav-arrows av-slideshow-autoplay av-loop-endless av-loop-manual-endless av-default-height-applied avia-slideshow-1' data-slideshow-options=\"{&quot;animation&quot;:&quot;fade&quot;,&quot;autoplay&quot;:true,&quot;loop_autoplay&quot;:&quot;endless&quot;,&quot;interval&quot;:5,&quot;loop_manual&quot;:&quot;manual-endless&quot;,&quot;autoplay_stopper&quot;:false,&quot;noNavigation&quot;:true,&quot;bg_slider&quot;:false,&quot;keep_padding&quot;:false,&quot;hoverpause&quot;:false,&quot;show_slide_delay&quot;:0}\"  itemprop=\"image\" itemscope=\"itemscope\" itemtype=\"https:\/\/schema.org\/ImageObject\" ><ul class='avia-slideshow-inner ' style='padding-bottom: 42%;'><li  class='avia-slideshow-slide av-43rg3r-bf2ce0d8ae1b8a30031f9b8ca4be27df__0  slide-1 slide-odd'><div data-rel='slideshow-1' class='avia-slide-wrap '   ><img decoding=\"async\" fetchpriority=\"high\" class=\"wp-image-80 avia-img-lazy-loading-not-80\"  src=\"https:\/\/v1.icerunners.team\/wp-content\/uploads\/2015\/10\/construction-site-machines-1500x630.jpg\" width=\"1500\" height=\"630\" title='Construction site machines' alt=''  itemprop=\"thumbnailUrl\"   \/><\/div><\/li><li  class='avia-slideshow-slide av-43rg3r-bf2ce0d8ae1b8a30031f9b8ca4be27df__1  slide-2 slide-even'><div data-rel='slideshow-1' class='avia-slide-wrap '   ><img decoding=\"async\" fetchpriority=\"high\" class=\"wp-image-81 avia-img-lazy-loading-not-81\"  src=\"https:\/\/v1.icerunners.team\/wp-content\/uploads\/2015\/10\/cropped-hand-of-a-carpenter-1500x630.jpg\" width=\"1500\" height=\"630\" title='Cropped hand of a carpenter' alt=''  itemprop=\"thumbnailUrl\"   \/><\/div><\/li><li  class='avia-slideshow-slide av-43rg3r-bf2ce0d8ae1b8a30031f9b8ca4be27df__2  slide-3 slide-odd'><div data-rel='slideshow-1' class='avia-slide-wrap '   ><img decoding=\"async\" fetchpriority=\"high\" class=\"wp-image-100 avia-img-lazy-loading-not-100\"  src=\"https:\/\/v1.icerunners.team\/wp-content\/uploads\/2015\/10\/house-interior-1500x630.jpg\" width=\"1500\" height=\"630\" title='House interior' alt=''  itemprop=\"thumbnailUrl\"   \/><\/div><\/li><\/ul><div class='avia-slideshow-arrows avia-slideshow-controls' ><a href='#prev' class='prev-slide  avia-svg-icon avia-font-svg_entypo-fontello' data-av_svg_icon='left-open-big' data-av_iconset='svg_entypo-fontello' tabindex='-1' title=\"Zur\u00fcck\"><svg version=\"1.1\" xmlns=\"http:\/\/www.w3.org\/2000\/svg\" width=\"15\" height=\"32\" viewBox=\"0 0 15 32\" preserveAspectRatio=\"xMidYMid meet\" aria-labelledby='av-svg-title-1' aria-describedby='av-svg-desc-1' role=\"graphics-symbol\" aria-hidden=\"true\">\n<title id='av-svg-title-1'>Zur\u00fcck<\/title>\n<desc id='av-svg-desc-1'>Zur\u00fcck<\/desc>\n<path d=\"M14.464 27.84q0.832 0.832 0 1.536-0.832 0.832-1.536 0l-12.544-12.608q-0.768-0.768 0-1.6l12.544-12.608q0.704-0.832 1.536 0 0.832 0.704 0 1.536l-11.456 11.904z\"><\/path>\n<\/svg><span class='avia_hidden_link_text'>Zur\u00fcck<\/span><\/a><a href='#next' class='next-slide  avia-svg-icon avia-font-svg_entypo-fontello' data-av_svg_icon='right-open-big' data-av_iconset='svg_entypo-fontello' tabindex='-1' title=\"Weiter\"><svg version=\"1.1\" xmlns=\"http:\/\/www.w3.org\/2000\/svg\" width=\"15\" height=\"32\" viewBox=\"0 0 15 32\" preserveAspectRatio=\"xMidYMid meet\" aria-labelledby='av-svg-title-2' aria-describedby='av-svg-desc-2' role=\"graphics-symbol\" aria-hidden=\"true\">\n<title id='av-svg-title-2'>Weiter<\/title>\n<desc id='av-svg-desc-2'>Weiter<\/desc>\n<path d=\"M0.416 27.84l11.456-11.84-11.456-11.904q-0.832-0.832 0-1.536 0.832-0.832 1.536 0l12.544 12.608q0.768 0.832 0 1.6l-12.544 12.608q-0.704 0.832-1.536 0-0.832-0.704 0-1.536z\"><\/path>\n<\/svg><span class='avia_hidden_link_text'>Weiter<\/span><\/a><\/div><\/div>\n\n<style type=\"text\/css\" data-created_by=\"avia_inline_auto\" id=\"style-css-av-3gt91r-4f463daeb6dc8555d94cff0ca862a473\">\n#top .flex_column.av-3gt91r-4f463daeb6dc8555d94cff0ca862a473{\nmargin-top:0px;\nmargin-bottom:0px;\n}\n.flex_column.av-3gt91r-4f463daeb6dc8555d94cff0ca862a473{\nborder-radius:0px 0px 0px 0px;\npadding:0px 0px 0px 0px;\n}\n.responsive #top #wrap_all .flex_column.av-3gt91r-4f463daeb6dc8555d94cff0ca862a473{\nmargin-top:0px;\nmargin-bottom:0px;\n}\n<\/style>\n<div  class='flex_column av-3gt91r-4f463daeb6dc8555d94cff0ca862a473 av_one_full  avia-builder-el-1  el_after_av_slideshow  el_before_av_one_full  first flex_column_div av-animated-generic bottom-to-top av-zero-column-padding  '     ><p>\n<style type=\"text\/css\" data-created_by=\"avia_inline_auto\" id=\"style-css-av-3805xb-3d81341ef45492e84f126d2e9ce348e0\">\n#top .av-special-heading.av-3805xb-3d81341ef45492e84f126d2e9ce348e0{\npadding-bottom:0;\n}\nbody .av-special-heading.av-3805xb-3d81341ef45492e84f126d2e9ce348e0 .av-special-heading-tag .heading-char{\nfont-size:25px;\n}\n.av-special-heading.av-3805xb-3d81341ef45492e84f126d2e9ce348e0 .av-subheading{\nfont-size:15px;\n}\n<\/style>\n<div  class='av-special-heading av-3805xb-3d81341ef45492e84f126d2e9ce348e0 av-special-heading-h2 blockquote modern-quote  avia-builder-el-2  el_before_av_hr  avia-builder-el-first '><h2 class='av-special-heading-tag '  itemprop=\"headline\"  >Sitara<\/h2><div class=\"special-heading-border\"><div class=\"special-heading-inner-border\"><\/div><\/div><\/div><br \/>\n\n<style type=\"text\/css\" data-created_by=\"avia_inline_auto\" id=\"style-css-av-azr0n-337c2db98784d9e15adb7a689d670008\">\n#top .hr.av-azr0n-337c2db98784d9e15adb7a689d670008{\nmargin-top:10px;\nmargin-bottom:10px;\n}\n.hr.av-azr0n-337c2db98784d9e15adb7a689d670008 .hr-inner{\nwidth:50px;\nborder-color:#efbb20;\n}\n<\/style>\n<div  class='hr av-azr0n-337c2db98784d9e15adb7a689d670008 hr-custom  avia-builder-el-3  el_after_av_heading  avia-builder-el-last  hr-left hr-icon-no'><span class='hr-inner inner-border-av-border-fat'><span class=\"hr-inner-style\"><\/span><\/span><\/div><\/p><\/div>\n<style type=\"text\/css\" data-created_by=\"avia_inline_auto\" id=\"style-css-av-2xke5b-28e2483e551c5a522a6ea3eb383c5e78\">\n#top .flex_column.av-2xke5b-28e2483e551c5a522a6ea3eb383c5e78{\nmargin-top:0px;\nmargin-bottom:0px;\n}\n.flex_column.av-2xke5b-28e2483e551c5a522a6ea3eb383c5e78{\nborder-radius:0px 0px 0px 0px;\npadding:0px 0px 0px 0px;\n}\n.responsive #top #wrap_all .flex_column.av-2xke5b-28e2483e551c5a522a6ea3eb383c5e78{\nmargin-top:0px;\nmargin-bottom:0px;\n}\n<\/style>\n<div  class='flex_column av-2xke5b-28e2483e551c5a522a6ea3eb383c5e78 av_one_full  avia-builder-el-4  el_after_av_one_full  el_before_av_one_half  first flex_column_div av-animated-generic bottom-to-top av-zero-column-padding  column-top-margin'     ><section  class='av_textblock_section av-9xj8v-b1f000247703834581e5fa3bcb2cc890 '   itemscope=\"itemscope\" itemtype=\"https:\/\/schema.org\/CreativeWork\" ><div class='avia_textblock'  itemprop=\"text\" ><p style=\"text-align: center;\">Nothilfe-Wei\u00dfrussland<\/p>\n<p class=\"wp-block wp-block-kubio-text  position-relative wp-block-kubio-text__text style-jT0DQ1v-o--text style-local-58-text\" style=\"text-align: center;\" data-kubio=\"kubio\/text\">H\u00fcndin<\/p>\n<p style=\"text-align: center;\">geb. 12.11.2022<\/p>\n<p style=\"text-align: center;\">Farbe wolfsgrau<\/p>\n<p style=\"text-align: center;\">Augen blau<\/p>\n<\/div><\/section><\/div>\n<style type=\"text\/css\" data-created_by=\"avia_inline_auto\" id=\"style-css-av-1cqglj-ced4b346df1e0b46e8d8828d111440ed\">\n.flex_column.av-1cqglj-ced4b346df1e0b46e8d8828d111440ed{\nborder-radius:0px 0px 0px 0px;\npadding:0px 0px 0px 0px;\n}\n<\/style>\n<div  class='flex_column av-1cqglj-ced4b346df1e0b46e8d8828d111440ed av_one_half  avia-builder-el-6  el_after_av_one_full  el_before_av_one_half  first flex_column_div av-animated-generic bottom-to-top av-zero-column-padding  column-top-margin'     ><p>\n<style type=\"text\/css\" data-created_by=\"avia_inline_auto\" id=\"style-css-av-1atknr-f76b558bbb6e4e9c069bc6dcf7dbef8a\">\n#top .av-special-heading.av-1atknr-f76b558bbb6e4e9c069bc6dcf7dbef8a{\npadding-bottom:0;\n}\nbody .av-special-heading.av-1atknr-f76b558bbb6e4e9c069bc6dcf7dbef8a .av-special-heading-tag .heading-char{\nfont-size:25px;\n}\n.av-special-heading.av-1atknr-f76b558bbb6e4e9c069bc6dcf7dbef8a .av-subheading{\nfont-size:15px;\n}\n<\/style>\n<div  class='av-special-heading av-1atknr-f76b558bbb6e4e9c069bc6dcf7dbef8a av-special-heading-h2 blockquote modern-quote  avia-builder-el-7  el_before_av_hr  avia-builder-el-first '><h2 class='av-special-heading-tag '  itemprop=\"headline\"  >Peddigree certificate<\/h2><div class=\"special-heading-border\"><div class=\"special-heading-inner-border\"><\/div><\/div><\/div><br \/>\n\n<style type=\"text\/css\" data-created_by=\"avia_inline_auto\" id=\"style-css-av-11g2yv-1bad86db3fab1c874b423bbcba7062b5\">\n#top .hr.av-11g2yv-1bad86db3fab1c874b423bbcba7062b5{\nmargin-top:10px;\nmargin-bottom:10px;\n}\n.hr.av-11g2yv-1bad86db3fab1c874b423bbcba7062b5 .hr-inner{\nwidth:50px;\nborder-color:#efbb20;\n}\n<\/style>\n<div  class='hr av-11g2yv-1bad86db3fab1c874b423bbcba7062b5 hr-custom  avia-builder-el-8  el_after_av_heading  el_before_av_textblock  hr-left hr-icon-no'><span class='hr-inner inner-border-av-border-fat'><span class=\"hr-inner-style\"><\/span><\/span><\/div><br \/>\n<section  class='av_textblock_section av-v0013-3dd9e037c497e16201c1df6125c42c77 '   itemscope=\"itemscope\" itemtype=\"https:\/\/schema.org\/CreativeWork\" ><div class='avia_textblock'  itemprop=\"text\" ><p>Kein Zertifikat Tierschutzhund.<\/p>\n<\/div><\/section><\/p><\/div>\n<style type=\"text\/css\" data-created_by=\"avia_inline_auto\" id=\"style-css-av-s3dtr-23f603fe6b770b090224ffff10a94b3c\">\n.flex_column.av-s3dtr-23f603fe6b770b090224ffff10a94b3c{\nborder-radius:0px 0px 0px 0px;\npadding:0px 0px 0px 0px;\n}\n<\/style>\n<div  class='flex_column av-s3dtr-23f603fe6b770b090224ffff10a94b3c av_one_half  avia-builder-el-10  el_after_av_one_half  el_before_av_one_full  flex_column_div av-animated-generic bottom-to-top av-zero-column-padding  column-top-margin'     ><style type=\"text\/css\" data-created_by=\"avia_inline_auto\" id=\"style-css-av-lf7zr-601188eefa60f711e33cf0a00a5e9509\">\n.avia-image-container.av-lf7zr-601188eefa60f711e33cf0a00a5e9509 img.avia_image{\nbox-shadow:none;\n}\n.avia-image-container.av-lf7zr-601188eefa60f711e33cf0a00a5e9509 .av-image-caption-overlay-center{\ncolor:#ffffff;\n}\n<\/style>\n<div  class='avia-image-container av-lf7zr-601188eefa60f711e33cf0a00a5e9509 av-styling-no-styling avia-align-center  avia-builder-el-11  avia-builder-el-no-sibling '   itemprop=\"image\" itemscope=\"itemscope\" itemtype=\"https:\/\/schema.org\/ImageObject\" ><div class=\"avia-image-container-inner\"><div class=\"avia-image-overlay-wrap\"><img decoding=\"async\" fetchpriority=\"high\" class='wp-image-79 avia-img-lazy-loading-not-79 avia_image ' src=\"https:\/\/v1.icerunners.team\/wp-content\/uploads\/2015\/10\/architect-handling-keys-to-a-couple-845x684.jpg\" alt='' title='Architect handling keys to a couple'  height=\"684\" width=\"845\"  itemprop=\"thumbnailUrl\" srcset=\"https:\/\/v1.icerunners.team\/wp-content\/uploads\/2015\/10\/architect-handling-keys-to-a-couple-845x684.jpg 845w, https:\/\/v1.icerunners.team\/wp-content\/uploads\/2015\/10\/architect-handling-keys-to-a-couple-495x400.jpg 495w\" sizes=\"(max-width: 845px) 100vw, 845px\" \/><\/div><\/div><\/div><\/div><\/p>\n\n<style type=\"text\/css\" data-created_by=\"avia_inline_auto\" id=\"style-css-av-ga23j-398f158271ae83f54577239d860f0ad6\">\n.flex_column.av-ga23j-398f158271ae83f54577239d860f0ad6{\nborder-width:1px;\nborder-color:#e1e1e1;\nborder-style:solid;\nborder-radius:0px 0px 0px 0px;\npadding:20px 20px 20px 20px;\nbackground-color:#fcfcfc;\n}\n<\/style>\n<div  class='flex_column av-ga23j-398f158271ae83f54577239d860f0ad6 av_one_full  avia-builder-el-12  el_after_av_one_half  avia-builder-el-last  first flex_column_div av-animated-generic bottom-to-top  column-top-margin'     ><style type=\"text\/css\" data-created_by=\"avia_inline_auto\" id=\"style-css-av-7wc7r-3532c2bc54f0298555c98f00f231ffe7\">\n#top .av_textblock_section.av-7wc7r-3532c2bc54f0298555c98f00f231ffe7 .avia_textblock{\ncolor:#000000;\n}\n<\/style>\n<section  class='av_textblock_section av-7wc7r-3532c2bc54f0298555c98f00f231ffe7 '   itemscope=\"itemscope\" itemtype=\"https:\/\/schema.org\/CreativeWork\" ><div class='avia_textblock av_inherit_color'  itemprop=\"text\" ><p style=\"text-align: center;\">Sitara ist unsere stille St\u00e4rke \u2013 zur\u00fcckhaltend, ruhig und ausdauernd.<\/p>\n<p style=\"text-align: center;\">Sie begegnet der Welt mit vorsichtiger Neugier, findet in allem Freundlichkeit und sieht in jedem Wesen einen Freund.<br data-start=\"1222\" data-end=\"1225\" \/>Als treue Spielkameradin f\u00fcr die anderen Hunde bringt sie Ruhe und Harmonie ins Rudel.<\/p>\n<p style=\"text-align: center;\">W\u00fcrde sie ein Mensch sein, man k\u00f6nnte sagen: nie klagend, immer zuverl\u00e4ssig und voller stiller W\u00e4rme.<\/p>\n<\/div><\/section><\/div>\n","protected":false},"excerpt":{"rendered":"","protected":false},"author":1,"featured_media":0,"parent":25,"menu_order":0,"comment_status":"closed","ping_status":"closed","template":"","meta":{"footnotes":""},"class_list":["post-135","page","type-page","status-publish","hentry"],"_links":{"self":[{"href":"https:\/\/v1.icerunners.team\/index.php\/wp-json\/wp\/v2\/pages\/135","targetHints":{"allow":["GET"]}}],"collection":[{"href":"https:\/\/v1.icerunners.team\/index.php\/wp-json\/wp\/v2\/pages"}],"about":[{"href":"https:\/\/v1.icerunners.team\/index.php\/wp-json\/wp\/v2\/types\/page"}],"author":[{"embeddable":true,"href":"https:\/\/v1.icerunners.team\/index.php\/wp-json\/wp\/v2\/users\/1"}],"replies":[{"embeddable":true,"href":"https:\/\/v1.icerunners.team\/index.php\/wp-json\/wp\/v2\/comments?post=135"}],"version-history":[{"count":4,"href":"https:\/\/v1.icerunners.team\/index.php\/wp-json\/wp\/v2\/pages\/135\/revisions"}],"predecessor-version":[{"id":391,"href":"https:\/\/v1.icerunners.team\/index.php\/wp-json\/wp\/v2\/pages\/135\/revisions\/391"}],"up":[{"embeddable":true,"href":"https:\/\/v1.icerunners.team\/index.php\/wp-json\/wp\/v2\/pages\/25"}],"wp:attachment":[{"href":"https:\/\/v1.icerunners.team\/index.php\/wp-json\/wp\/v2\/media?parent=135"}],"curies":[{"name":"wp","href":"https:\/\/api.w.org\/{rel}","templated":true}]}}